{"id":3,"date":"2021-01-19T10:51:28","date_gmt":"2021-01-19T09:51:28","guid":{"rendered":"https:\/\/membri.expertmedia.be\/?page_id=3"},"modified":"2021-01-26T15:40:11","modified_gmt":"2021-01-26T14:40:11","slug":"privacy","status":"publish","type":"page","link":"https:\/\/membri.be\/fr\/intimite\/","title":{"rendered":"Intimit\u00e9"},"content":{"rendered":"<div class=\"vc_row wpb_row vc_row-fluid\"><div class=\"wpb_column vc_column_container vc_col-sm-12\"><div class=\"vc_column-inner\"><div class=\"wpb_wrapper\">\n\t<div class=\"wpb_text_column wpb_content_element\" >\n\t\t<div class=\"wpb_wrapper\">\n\t\t\t<p><strong>Politique de confidentialit\u00e9<\/strong> pour Membri, propri\u00e9taire de https:\/\/www.membri.be<\/p>\n<p><strong>1) Garantit la confidentialit\u00e9<\/strong><\/p>\n<p>Garantir la confidentialit\u00e9 des visiteurs de <u><a href=\"https:\/\/membri.be\/fr\/\">https:\/\/www.membri.be<\/a><\/u> est une t\u00e2che importante pour nous. C&#039;est pourquoi nous d\u00e9crivons dans notre politique de confidentialit\u00e9 quelles informations nous collectons et comment nous utilisons ces informations.<\/p>\n<p><strong>2) Consentement<\/strong><\/p>\n<p>En raison des informations et des services sur <u><a href=\"https:\/\/membri.be\/fr\/\">https:\/\/www.membri.be<\/a><\/u> En l&#039;utilisant, vous acceptez notre politique de confidentialit\u00e9 et les termes et conditions que nous avons inclus ici.<\/p>\n<p><strong>3) Questions<\/strong><\/p>\n<p>Si vous souhaitez recevoir plus d&#039;informations ou si vous avez des questions sur la politique de confidentialit\u00e9 de Membri et plus particuli\u00e8rement <u><a href=\"https:\/\/membri.be\/fr\/\">https:\/\/www.membri.be<\/a><\/u> , vous pouvez nous contacter par e-mail. Notre adresse e-mail est info@membri.be.<\/p>\n<p><strong>4) Surveiller le comportement des visiteurs<\/strong><\/p>\n<p><u><a href=\"https:\/\/membri.be\/fr\/\">https:\/\/www.membri.be<\/a><\/u> utilise diverses techniques pour savoir qui visite le site Web, comment ce visiteur se comporte sur le site Web et quelles pages sont visit\u00e9es. Il s&#039;agit d&#039;une m\u00e9thode de travail courante pour les sites Web, car elle fournit des informations qui contribuent \u00e0 la qualit\u00e9 de l&#039;exp\u00e9rience utilisateur. Les informations que nous enregistrons via les cookies incluent les adresses IP, le type de navigateur et les pages visit\u00e9es.<\/p>\n<p>Nous surveillons \u00e9galement o\u00f9 les visiteurs visitent le site Web pour la premi\u00e8re fois et \u00e0 partir de quelle page ils partent. Nous conservons ces informations de mani\u00e8re anonyme et elles ne sont pas li\u00e9es \u00e0 d&#039;autres informations personnelles.<\/p>\n<p><strong>5) Utilisation des cookies<\/strong><\/p>\n<p><u><a href=\"https:\/\/membri.be\/fr\/\">https:\/\/www.membri.be<\/a><\/u> place des cookies aupr\u00e8s des visiteurs. Nous faisons cela pour collecter des informations sur les pages que les utilisateurs visitent sur notre site Web, pour suivre la fr\u00e9quence \u00e0 laquelle les visiteurs reviennent et pour voir quelles pages fonctionnent bien sur le site Web. Nous gardons \u00e9galement une trace des informations partag\u00e9es par le navigateur.<\/p>\n<p><strong>6) D\u00e9sactiver les cookies<\/strong><\/p>\n<p>Vous pouvez choisir de d\u00e9sactiver les cookies. Pour ce faire, utilisez les options de votre navigateur. Vous trouverez plus d&#039;informations sur ces options sur le site Internet du fournisseur de votre navigateur.<\/p>\n\n\t\t<\/div>\n\t<\/div>\n<\/div><\/div><\/div><\/div>","protected":false},"excerpt":{"rendered":"Privacybeleid voor Membri, eigenaar van https:\/\/www.membri.be 1) Waarborgen Privacy Het waarborgen van de privacy van bezoekers van https:\/\/www.membri.be is een belangrijke taak voor ons. Daarom beschrijven we in onze privacy policy welke informatie we verzamelen en hoe we deze informatie gebruiken. 2) Toestemming Door de informatie en de diensten op https:\/\/www.membri.be te gebruiken, gaat u akkoord met onze privacy policy en de voorwaarden die wij hierin hebben opgenomen. 3) Vragen Als u meer informatie wilt ontvangen, of vragen hebt over de privacy policy van Membri en specifiek https:\/\/www.membri.be , kun u ons benaderen via e-mail. Ons e-mailadres is info@membri.be . 4) Monitoren gedrag bezoeker https:\/\/www.membri.be maakt gebruik van verschillende technieken om bij te houden wie de website bezoekt, hoe deze bezoeker zich op de website gedraagt en welke pagina\u2019s worden bezocht. Dat is een gebruikelijke manier van werken voor websites omdat het informatie oplevert op die bijdraagt aan de kwaliteit van de gebruikerservaring. De informatie die we, via cookies, registreren, bestaat uit onder meer IP-adressen, het type browser en de bezochte pagina\u2019s. Tevens monitoren we waar bezoekers de website voor het eerst bezoeken en vanaf welke pagina ze vertrekken. Deze informatie houden we anoniem bij en is niet gekoppeld aan&hellip; <a class=\"read-more-link\" href=\"https:\/\/membri.be\/fr\/intimite\/\">Read More<\/a>","protected":false},"author":4,"featured_media":0,"parent":0,"menu_order":0,"comment_status":"closed","ping_status":"closed","template":"","meta":[],"yoast_head":"<!-- This site is optimized with the Yoast SEO plugin v20.6 - https:\/\/yoast.com\/wordpress\/plugins\/seo\/ -->\n<title>Privacy - Membri<\/title>\n<meta name=\"robots\" content=\"index, follow, max-snippet:-1, max-image-preview:large, max-video-preview:-1\" \/>\n<link rel=\"canonical\" href=\"http:\/\/membri.be\/fr\/privacy\/\" \/>\n<meta property=\"og:locale\" content=\"fr_FR\" \/>\n<meta property=\"og:type\" content=\"article\" \/>\n<meta property=\"og:title\" content=\"Privacy - Membri\" \/>\n<meta property=\"og:url\" content=\"http:\/\/membri.be\/fr\/privacy\/\" \/>\n<meta property=\"og:site_name\" content=\"Membri\" \/>\n<meta property=\"article:modified_time\" content=\"2021-01-26T14:40:11+00:00\" \/>\n<meta name=\"twitter:card\" content=\"summary_large_image\" \/>\n<meta name=\"twitter:label1\" content=\"Dur\u00e9e de lecture est.\" \/>\n\t<meta name=\"twitter:data1\" content=\"2 minutes\" \/>\n<script type=\"application\/ld+json\" class=\"yoast-schema-graph\">{\"@context\":\"https:\/\/schema.org\",\"@graph\":[{\"@type\":\"WebPage\",\"@id\":\"http:\/\/membri.be\/privacy\/\",\"url\":\"http:\/\/membri.be\/privacy\/\",\"name\":\"Privacy - Membri\",\"isPartOf\":{\"@id\":\"http:\/\/membri.be\/#website\"},\"datePublished\":\"2021-01-19T09:51:28+00:00\",\"dateModified\":\"2021-01-26T14:40:11+00:00\",\"breadcrumb\":{\"@id\":\"http:\/\/membri.be\/privacy\/#breadcrumb\"},\"inLanguage\":\"fr-BE\",\"potentialAction\":[{\"@type\":\"ReadAction\",\"target\":[\"http:\/\/membri.be\/privacy\/\"]}]},{\"@type\":\"BreadcrumbList\",\"@id\":\"http:\/\/membri.be\/privacy\/#breadcrumb\",\"itemListElement\":[{\"@type\":\"ListItem\",\"position\":1,\"name\":\"Home\",\"item\":\"https:\/\/membri.be\/\"},{\"@type\":\"ListItem\",\"position\":2,\"name\":\"Privacy\"}]},{\"@type\":\"WebSite\",\"@id\":\"http:\/\/membri.be\/#website\",\"url\":\"http:\/\/membri.be\/\",\"name\":\"Membri\",\"description\":\"Betaalbaar slaap- en zitcomfort\",\"potentialAction\":[{\"@type\":\"SearchAction\",\"target\":{\"@type\":\"EntryPoint\",\"urlTemplate\":\"http:\/\/membri.be\/?s={search_term_string}\"},\"query-input\":\"required name=search_term_string\"}],\"inLanguage\":\"fr-BE\"}]}<\/script>\n<!-- \/ Yoast SEO plugin. -->","yoast_head_json":{"title":"Confidentialit\u00e9 - Membrane","robots":{"index":"index","follow":"follow","max-snippet":"max-snippet:-1","max-image-preview":"max-image-preview:large","max-video-preview":"max-video-preview:-1"},"canonical":"http:\/\/membri.be\/fr\/privacy\/","og_locale":"fr_FR","og_type":"article","og_title":"Privacy - Membri","og_url":"http:\/\/membri.be\/fr\/privacy\/","og_site_name":"Membri","article_modified_time":"2021-01-26T14:40:11+00:00","twitter_card":"summary_large_image","twitter_misc":{"Dur\u00e9e de lecture est.":"2 minutes"},"schema":{"@context":"https:\/\/schema.org","@graph":[{"@type":"WebPage","@id":"http:\/\/membri.be\/privacy\/","url":"http:\/\/membri.be\/privacy\/","name":"Confidentialit\u00e9 - Membrane","isPartOf":{"@id":"http:\/\/membri.be\/#website"},"datePublished":"2021-01-19T09:51:28+00:00","dateModified":"2021-01-26T14:40:11+00:00","breadcrumb":{"@id":"http:\/\/membri.be\/privacy\/#breadcrumb"},"inLanguage":"fr-BE","potentialAction":[{"@type":"ReadAction","target":["http:\/\/membri.be\/privacy\/"]}]},{"@type":"BreadcrumbList","@id":"http:\/\/membri.be\/privacy\/#breadcrumb","itemListElement":[{"@type":"ListItem","position":1,"name":"Home","item":"https:\/\/membri.be\/"},{"@type":"ListItem","position":2,"name":"Privacy"}]},{"@type":"WebSite","@id":"http:\/\/membri.be\/#website","url":"http:\/\/membri.be\/","name":"Membri","description":"Betaalbaar slaap- en zitcomfort","potentialAction":[{"@type":"SearchAction","target":{"@type":"EntryPoint","urlTemplate":"http:\/\/membri.be\/?s={search_term_string}"},"query-input":"required name=search_term_string"}],"inLanguage":"fr-BE"}]}},"_links":{"self":[{"href":"https:\/\/membri.be\/fr\/wp-json\/wp\/v2\/pages\/3"}],"collection":[{"href":"https:\/\/membri.be\/fr\/wp-json\/wp\/v2\/pages"}],"about":[{"href":"https:\/\/membri.be\/fr\/wp-json\/wp\/v2\/types\/page"}],"author":[{"embeddable":true,"href":"https:\/\/membri.be\/fr\/wp-json\/wp\/v2\/users\/4"}],"replies":[{"embeddable":true,"href":"https:\/\/membri.be\/fr\/wp-json\/wp\/v2\/comments?post=3"}],"version-history":[{"count":4,"href":"https:\/\/membri.be\/fr\/wp-json\/wp\/v2\/pages\/3\/revisions"}],"predecessor-version":[{"id":9242,"href":"https:\/\/membri.be\/fr\/wp-json\/wp\/v2\/pages\/3\/revisions\/9242"}],"wp:attachment":[{"href":"https:\/\/membri.be\/fr\/wp-json\/wp\/v2\/media?parent=3"}],"curies":[{"name":"wp","href":"https:\/\/api.w.org\/{rel}","templated":true}]}}